{"id":57,"date":"2016-11-07T13:09:03","date_gmt":"2016-11-07T16:09:03","guid":{"rendered":"http:\/\/consultasalviajar.com.ar\/shop\/?post_type=product&#038;p=57"},"modified":"2016-11-15T23:24:32","modified_gmt":"2016-11-16T02:24:32","slug":"balanza-digital","status":"publish","type":"product","link":"http:\/\/consultasalviajar.com.ar\/shop\/producto\/balanza-digital\/","title":{"rendered":"Balanza digital"},"content":{"rendered":"<h4>Para viajar seguro te recomendamos esta balanza digital y port\u00e1til con alta precisi\u00f3n.<\/h4>\n<p>Capacidad de hasta 40 Kg, visor luminoso, funci\u00f3n Tara, apague autom\u00e1tico, funci\u00f3n Look, indicador de sobrepeso, indicador de baja bater\u00eda. Pilas incluidas. Color negro.<\/p>\n","protected":false},"excerpt":{"rendered":"<h4>Para viajar seguro te recomendamos esta balanza digital y port\u00e1til con alta precisi\u00f3n.<\/h4>\n<p>Capacidad de hasta 40 Kg, visor luminoso, funci\u00f3n Tara, apague autom\u00e1tico, funci\u00f3n Look, indicador de sobrepeso, indicador de baja bater\u00eda. Pilas incluidas. Color negro.<\/p>\n","protected":false},"featured_media":69,"comment_status":"closed","ping_status":"closed","template":"","meta":[],"product_brand":[],"product_cat":[15],"product_tag":[],"class_list":{"0":"post-57","1":"product","2":"type-product","3":"status-publish","4":"has-post-thumbnail","6":"product_cat-uncategorized","8":"first","9":"instock","10":"shipping-taxable","11":"purchasable","12":"product-type-simple"},"_links":{"self":[{"href":"http:\/\/consultasalviajar.com.ar\/shop\/wp-json\/wp\/v2\/product\/57","targetHints":{"allow":["GET"]}}],"collection":[{"href":"http:\/\/consultasalviajar.com.ar\/shop\/wp-json\/wp\/v2\/product"}],"about":[{"href":"http:\/\/consultasalviajar.com.ar\/shop\/wp-json\/wp\/v2\/types\/product"}],"replies":[{"embeddable":true,"href":"http:\/\/consultasalviajar.com.ar\/shop\/wp-json\/wp\/v2\/comments?post=57"}],"wp:featuredmedia":[{"embeddable":true,"href":"http:\/\/consultasalviajar.com.ar\/shop\/wp-json\/wp\/v2\/media\/69"}],"wp:attachment":[{"href":"http:\/\/consultasalviajar.com.ar\/shop\/wp-json\/wp\/v2\/media?parent=57"}],"wp:term":[{"taxonomy":"product_brand","embeddable":true,"href":"http:\/\/consultasalviajar.com.ar\/shop\/wp-json\/wp\/v2\/product_brand?post=57"},{"taxonomy":"product_cat","embeddable":true,"href":"http:\/\/consultasalviajar.com.ar\/shop\/wp-json\/wp\/v2\/product_cat?post=57"},{"taxonomy":"product_tag","embeddable":true,"href":"http:\/\/consultasalviajar.com.ar\/shop\/wp-json\/wp\/v2\/product_tag?post=57"}],"curies":[{"name":"wp","href":"https:\/\/api.w.org\/{rel}","templated":true}]}}