{"id":54,"date":"2016-11-07T13:03:21","date_gmt":"2016-11-07T16:03:21","guid":{"rendered":"http:\/\/consultasalviajar.com.ar\/shop\/?post_type=product&#038;p=54"},"modified":"2016-11-07T13:49:29","modified_gmt":"2016-11-07T16:49:29","slug":"neceser-extensible","status":"publish","type":"product","link":"http:\/\/consultasalviajar.com.ar\/shop\/producto\/neceser-extensible\/","title":{"rendered":"Neceser extensible"},"content":{"rendered":"<h4>Ideal para art\u00edculos de tocador.<\/h4>\n<p>Este pr\u00e1ctico neceser extensible es realizado con c\u00f3rdex impermeable. Cuenta con 3 bolsillos con cierre. \u00danico color.<\/p>\n","protected":false},"excerpt":{"rendered":"<h4>Ideal para art\u00edculos de tocador.<\/h4>\n<p>Este pr\u00e1ctico neceser extensible es realizado con c\u00f3rdex impermeable. Cuenta con 3 bolsillos con cierre. \u00danico color.<\/p>\n","protected":false},"featured_media":27,"comment_status":"closed","ping_status":"closed","template":"","meta":[],"product_brand":[],"product_cat":[15],"product_tag":[],"class_list":{"0":"post-54","1":"product","2":"type-product","3":"status-publish","4":"has-post-thumbnail","6":"product_cat-uncategorized","8":"first","9":"instock","10":"shipping-taxable","11":"purchasable","12":"product-type-simple"},"_links":{"self":[{"href":"http:\/\/consultasalviajar.com.ar\/shop\/wp-json\/wp\/v2\/product\/54","targetHints":{"allow":["GET"]}}],"collection":[{"href":"http:\/\/consultasalviajar.com.ar\/shop\/wp-json\/wp\/v2\/product"}],"about":[{"href":"http:\/\/consultasalviajar.com.ar\/shop\/wp-json\/wp\/v2\/types\/product"}],"replies":[{"embeddable":true,"href":"http:\/\/consultasalviajar.com.ar\/shop\/wp-json\/wp\/v2\/comments?post=54"}],"wp:featuredmedia":[{"embeddable":true,"href":"http:\/\/consultasalviajar.com.ar\/shop\/wp-json\/wp\/v2\/media\/27"}],"wp:attachment":[{"href":"http:\/\/consultasalviajar.com.ar\/shop\/wp-json\/wp\/v2\/media?parent=54"}],"wp:term":[{"taxonomy":"product_brand","embeddable":true,"href":"http:\/\/consultasalviajar.com.ar\/shop\/wp-json\/wp\/v2\/product_brand?post=54"},{"taxonomy":"product_cat","embeddable":true,"href":"http:\/\/consultasalviajar.com.ar\/shop\/wp-json\/wp\/v2\/product_cat?post=54"},{"taxonomy":"product_tag","embeddable":true,"href":"http:\/\/consultasalviajar.com.ar\/shop\/wp-json\/wp\/v2\/product_tag?post=54"}],"curies":[{"name":"wp","href":"https:\/\/api.w.org\/{rel}","templated":true}]}}