{"id":39,"date":"2016-11-07T12:51:21","date_gmt":"2016-11-07T15:51:21","guid":{"rendered":"http:\/\/consultasalviajar.com.ar\/shop\/?post_type=product&#038;p=39"},"modified":"2016-11-15T23:40:25","modified_gmt":"2016-11-16T02:40:25","slug":"candado-con-combinacion-numerica","status":"publish","type":"product","link":"http:\/\/consultasalviajar.com.ar\/shop\/producto\/candado-con-combinacion-numerica\/","title":{"rendered":"Candado con combinaci\u00f3n num\u00e9rica"},"content":{"rendered":"<h4>\u00a1Manten\u00e9 seguro tu equipaje! Candado con combinaci\u00f3n de 3 d\u00edgitos.<\/h4>\n<p>Reseteable. Disponible en negro y gris.<\/p>\n","protected":false},"excerpt":{"rendered":"<h4>\u00a1Manten\u00e9 seguro tu equipaje! Candado con combinaci\u00f3n de 3 d\u00edgitos.<\/h4>\n<p>Reseteable. Disponible en negro y gris.<\/p>\n","protected":false},"featured_media":18,"comment_status":"closed","ping_status":"closed","template":"","meta":[],"product_brand":[],"product_cat":[15],"product_tag":[],"class_list":{"0":"post-39","1":"product","2":"type-product","3":"status-publish","4":"has-post-thumbnail","6":"product_cat-uncategorized","8":"first","9":"instock","10":"shipping-taxable","11":"purchasable","12":"product-type-simple"},"_links":{"self":[{"href":"http:\/\/consultasalviajar.com.ar\/shop\/wp-json\/wp\/v2\/product\/39","targetHints":{"allow":["GET"]}}],"collection":[{"href":"http:\/\/consultasalviajar.com.ar\/shop\/wp-json\/wp\/v2\/product"}],"about":[{"href":"http:\/\/consultasalviajar.com.ar\/shop\/wp-json\/wp\/v2\/types\/product"}],"replies":[{"embeddable":true,"href":"http:\/\/consultasalviajar.com.ar\/shop\/wp-json\/wp\/v2\/comments?post=39"}],"wp:featuredmedia":[{"embeddable":true,"href":"http:\/\/consultasalviajar.com.ar\/shop\/wp-json\/wp\/v2\/media\/18"}],"wp:attachment":[{"href":"http:\/\/consultasalviajar.com.ar\/shop\/wp-json\/wp\/v2\/media?parent=39"}],"wp:term":[{"taxonomy":"product_brand","embeddable":true,"href":"http:\/\/consultasalviajar.com.ar\/shop\/wp-json\/wp\/v2\/product_brand?post=39"},{"taxonomy":"product_cat","embeddable":true,"href":"http:\/\/consultasalviajar.com.ar\/shop\/wp-json\/wp\/v2\/product_cat?post=39"},{"taxonomy":"product_tag","embeddable":true,"href":"http:\/\/consultasalviajar.com.ar\/shop\/wp-json\/wp\/v2\/product_tag?post=39"}],"curies":[{"name":"wp","href":"https:\/\/api.w.org\/{rel}","templated":true}]}}