{"id":38,"date":"2016-11-07T12:50:31","date_gmt":"2016-11-07T15:50:31","guid":{"rendered":"http:\/\/consultasalviajar.com.ar\/shop\/?post_type=product&#038;p=38"},"modified":"2016-11-07T13:50:45","modified_gmt":"2016-11-07T16:50:45","slug":"paraguas-pocket-super-resistente","status":"publish","type":"product","link":"http:\/\/consultasalviajar.com.ar\/shop\/producto\/paraguas-pocket-super-resistente\/","title":{"rendered":"Paraguas pocket s\u00faper resistente"},"content":{"rendered":"<h4>Pr\u00e1ctico paraguas pocket s\u00faper resistente.<\/h4>\n<p>Autom\u00e1tico. Reforzado. Mango de goma. Mide 34 cm cerrado. Color negro.<\/p>\n","protected":false},"excerpt":{"rendered":"<h4>Pr\u00e1ctico paraguas pocket s\u00faper resistente.<\/h4>\n<p>Autom\u00e1tico. Reforzado. Mango de goma. Mide 34 cm cerrado. Color negro.<\/p>\n","protected":false},"featured_media":29,"comment_status":"closed","ping_status":"closed","template":"","meta":[],"product_brand":[],"product_cat":[15],"product_tag":[],"class_list":{"0":"post-38","1":"product","2":"type-product","3":"status-publish","4":"has-post-thumbnail","6":"product_cat-uncategorized","8":"first","9":"instock","10":"shipping-taxable","11":"purchasable","12":"product-type-simple"},"_links":{"self":[{"href":"http:\/\/consultasalviajar.com.ar\/shop\/wp-json\/wp\/v2\/product\/38","targetHints":{"allow":["GET"]}}],"collection":[{"href":"http:\/\/consultasalviajar.com.ar\/shop\/wp-json\/wp\/v2\/product"}],"about":[{"href":"http:\/\/consultasalviajar.com.ar\/shop\/wp-json\/wp\/v2\/types\/product"}],"replies":[{"embeddable":true,"href":"http:\/\/consultasalviajar.com.ar\/shop\/wp-json\/wp\/v2\/comments?post=38"}],"wp:featuredmedia":[{"embeddable":true,"href":"http:\/\/consultasalviajar.com.ar\/shop\/wp-json\/wp\/v2\/media\/29"}],"wp:attachment":[{"href":"http:\/\/consultasalviajar.com.ar\/shop\/wp-json\/wp\/v2\/media?parent=38"}],"wp:term":[{"taxonomy":"product_brand","embeddable":true,"href":"http:\/\/consultasalviajar.com.ar\/shop\/wp-json\/wp\/v2\/product_brand?post=38"},{"taxonomy":"product_cat","embeddable":true,"href":"http:\/\/consultasalviajar.com.ar\/shop\/wp-json\/wp\/v2\/product_cat?post=38"},{"taxonomy":"product_tag","embeddable":true,"href":"http:\/\/consultasalviajar.com.ar\/shop\/wp-json\/wp\/v2\/product_tag?post=38"}],"curies":[{"name":"wp","href":"https:\/\/api.w.org\/{rel}","templated":true}]}}