{"id":37,"date":"2016-11-07T12:49:21","date_gmt":"2016-11-07T15:49:21","guid":{"rendered":"http:\/\/consultasalviajar.com.ar\/shop\/?post_type=product&#038;p=37"},"modified":"2016-11-07T13:50:51","modified_gmt":"2016-11-07T16:50:51","slug":"cargador-portatil","status":"publish","type":"product","link":"http:\/\/consultasalviajar.com.ar\/shop\/producto\/cargador-portatil\/","title":{"rendered":"Cargador port\u00e1til"},"content":{"rendered":"<h4>Este dispositivo port\u00e1til, liviano y peque\u00f1o te ayudar\u00e1 para que nunca te quedes sin bater\u00eda.<\/h4>\n<p>Compatible con celulares, tablets y otros dispositivos. Colores disponibles: amarillo, azul, rojo, gris, lima, fucsia y turquesa.<\/p>\n","protected":false},"excerpt":{"rendered":"<h4>Este dispositivo port\u00e1til, liviano y peque\u00f1o te ayudar\u00e1 para que nunca te quedes sin bater\u00eda.<\/h4>\n<p>Compatible con celulares, tablets y otros dispositivos. Colores disponibles: amarillo, azul, rojo, gris, lima, fucsia y turquesa.<\/p>\n","protected":false},"featured_media":19,"comment_status":"closed","ping_status":"closed","template":"","meta":[],"product_brand":[],"product_cat":[15],"product_tag":[],"class_list":{"0":"post-37","1":"product","2":"type-product","3":"status-publish","4":"has-post-thumbnail","6":"product_cat-uncategorized","8":"first","9":"instock","10":"shipping-taxable","11":"purchasable","12":"product-type-simple"},"_links":{"self":[{"href":"http:\/\/consultasalviajar.com.ar\/shop\/wp-json\/wp\/v2\/product\/37","targetHints":{"allow":["GET"]}}],"collection":[{"href":"http:\/\/consultasalviajar.com.ar\/shop\/wp-json\/wp\/v2\/product"}],"about":[{"href":"http:\/\/consultasalviajar.com.ar\/shop\/wp-json\/wp\/v2\/types\/product"}],"replies":[{"embeddable":true,"href":"http:\/\/consultasalviajar.com.ar\/shop\/wp-json\/wp\/v2\/comments?post=37"}],"wp:featuredmedia":[{"embeddable":true,"href":"http:\/\/consultasalviajar.com.ar\/shop\/wp-json\/wp\/v2\/media\/19"}],"wp:attachment":[{"href":"http:\/\/consultasalviajar.com.ar\/shop\/wp-json\/wp\/v2\/media?parent=37"}],"wp:term":[{"taxonomy":"product_brand","embeddable":true,"href":"http:\/\/consultasalviajar.com.ar\/shop\/wp-json\/wp\/v2\/product_brand?post=37"},{"taxonomy":"product_cat","embeddable":true,"href":"http:\/\/consultasalviajar.com.ar\/shop\/wp-json\/wp\/v2\/product_cat?post=37"},{"taxonomy":"product_tag","embeddable":true,"href":"http:\/\/consultasalviajar.com.ar\/shop\/wp-json\/wp\/v2\/product_tag?post=37"}],"curies":[{"name":"wp","href":"https:\/\/api.w.org\/{rel}","templated":true}]}}